{"id":1684,"date":"2024-04-08T20:06:32","date_gmt":"2024-04-08T13:06:32","guid":{"rendered":"https:\/\/grandlabel.com\/es\/?page_id=1684"},"modified":"2025-08-08T13:43:17","modified_gmt":"2025-08-08T06:43:17","slug":"faq","status":"publish","type":"page","link":"https:\/\/grandlabel.com\/es\/faq\/","title":{"rendered":"FAQ"},"content":{"rendered":"\n\t<section class=\"section dark\" id=\"section_1969647753\">\n\t\t<div class=\"section-bg fill\" >\n\t\t\t<img decoding=\"async\" width=\"1920\" height=\"1440\" src=\"https:\/\/grandlabel.com\/es\/wp-content\/uploads\/2024\/06\/silicone-label-3.jpg\" class=\"bg attachment-original size-original\" alt=\"\" \/>\t\t\t\t\t\t<div class=\"section-bg-overlay absolute fill\"><\/div>\n\t\t\t\n\n\t\t<\/div>\n\n\t\t\n\n\t\t<div class=\"section-content relative\">\n\t\t\t\n<div class=\"row align-equal align-center\"  id=\"row-1473973404\">\n\n\t<div id=\"col-1479714904\" class=\"col medium-6 small-10 large-4\"  >\n\t\t\t\t<div class=\"col-inner text-center\"  >\n\t\t\t\n\t\t\t\n\t<div id=\"gap-333162696\" class=\"gap-element clearfix\" style=\"display:block; height:auto;\">\n\t\t\n<style>\n#gap-333162696 {\n  padding-top: 60px;\n}\n<\/style>\n\t<\/div>\n\t\n\t<div id=\"text-2347196232\" class=\"text\">\n\t\t\n<h1>Faq<\/h1>\n\t\t\n<style>\n#text-2347196232 {\n  font-size: 1.2rem;\n  color: rgb(255,255,255);\n}\n#text-2347196232 > * {\n  color: rgb(255,255,255);\n}\n@media (min-width:550px) {\n  #text-2347196232 {\n    font-size: 1.2rem;\n  }\n}\n<\/style>\n\t<\/div>\n\t\n\t<div id=\"text-563924744\" class=\"text\">\n\t\t\n<p>Encuentre las respuestas a sus dudas en nuestra secci\u00f3n de FAQ.<\/p>\n\t\t\n<style>\n#text-563924744 {\n  font-size: 1.1rem;\n  color: rgb(255,255,255);\n}\n#text-563924744 > * {\n  color: rgb(255,255,255);\n}\n@media (min-width:550px) {\n  #text-563924744 {\n    font-size: 1.1rem;\n  }\n}\n<\/style>\n\t<\/div>\n\t\n\t\t<\/div>\n\t\t\t\t\n<style>\n#col-1479714904 > .col-inner {\n  padding: 0px 0px 0px 0;\n}\n<\/style>\n\t<\/div>\n\n\t\n<\/div>\n\t\t<\/div>\n\n\t\t\n<style>\n#section_1969647753 {\n  padding-top: 0px;\n  padding-bottom: 0px;\n  min-height: 500px;\n}\n#section_1969647753 .section-bg-overlay {\n  background-color: rgba(0,0,0,.5);\n}\n#section_1969647753 .section-bg img {\n  object-position: 60% 50%;\n}\n@media (min-width:550px) {\n  #section_1969647753 {\n    min-height: 550px;\n  }\n}\n@media (min-width:850px) {\n  #section_1969647753 {\n    min-height: 650px;\n  }\n}\n<\/style>\n\t<\/section>\n\t\n\t<div id=\"gap-718046523\" class=\"gap-element clearfix\" style=\"display:block; height:auto;\">\n\t\t\n<style>\n#gap-718046523 {\n  padding-top: 75px;\n}\n@media (min-width:850px) {\n  #gap-718046523 {\n    padding-top: 90px;\n  }\n}\n<\/style>\n\t<\/div>\n\t\n<div class=\"row align-center\"  id=\"row-671309923\">\n\n\t<div id=\"col-1512802317\" class=\"col medium-12 small-12 large-12\"  >\n\t\t\t\t<div class=\"col-inner\"  >\n\t\t\t\n\t\t\t\n<div class=\"accordion accordion-faq\">\n\t<div id=\"accordion-1349690958\" class=\"accordion-item\">\n\t\t<a id=\"accordion-1349690958-label\" class=\"accordion-title plain\" href=\"#accordion-item-\u00bfcu\u00e1les-son-nuestros-plazos-de-entrega?\" aria-expanded=\"false\" aria-controls=\"accordion-1349690958-content\" >\n\t\t\t<button class=\"toggle\" aria-label=\"Toggle\"><i class=\"icon-angle-down\"><\/i><\/button>\n\t\t\t<span>\u00bfCu\u00e1les son nuestros plazos de entrega?<\/span>\n\t\t<\/a>\n\t\t<div id=\"accordion-1349690958-content\" class=\"accordion-inner\" aria-labelledby=\"accordion-1349690958-label\" >\n\t\t\t\n<p>Nuestras cotizaciones suelen tardar unas 48 horas, mientras que la finalizaci\u00f3n del dise\u00f1o var\u00eda de 48 a 72 horas. Para productos est\u00e1ndar como Etiquetas Tejidas, Impresas, Colgantes y Transfers T\u00e9rmicos, el plazo de entrega es de 5 a 7 d\u00edas. Art\u00edculos especiales como Embalajes, Goma, Etiquetas Decorativas y los que usan t\u00e9cnicas \u00fanicas, generalmente requieren de 9 a 12 d\u00edas h\u00e1biles.<\/p>\n\t\t<\/div>\n\t<\/div>\n\t\n\t<div id=\"accordion-662139807\" class=\"accordion-item\">\n\t\t<a id=\"accordion-662139807-label\" class=\"accordion-title plain\" href=\"#accordion-item-\u00bfpuedo-aprobar-mi-dise\u00f1o-y-panel-de-muestras-por-email?\" aria-expanded=\"false\" aria-controls=\"accordion-662139807-content\" >\n\t\t\t<button class=\"toggle\" aria-label=\"Toggle\"><i class=\"icon-angle-down\"><\/i><\/button>\n\t\t\t<span>\u00bfPuedo aprobar mi dise\u00f1o y panel de muestras por email?<\/span>\n\t\t<\/a>\n\t\t<div id=\"accordion-662139807-content\" class=\"accordion-inner\" aria-labelledby=\"accordion-662139807-label\" >\n\t\t\t\n<p>\u00a1Claro! Puede escanear y enviarnos el dise\u00f1o y el panel de muestras firmados para su aprobaci\u00f3n.<\/p>\n\t\t<\/div>\n\t<\/div>\n\t\n\t<div id=\"accordion-3857735681\" class=\"accordion-item\">\n\t\t<a id=\"accordion-3857735681-label\" class=\"accordion-title plain\" href=\"#accordion-item-no-tenemos-dise\u00f1ador,-\u00bfsu-equipo-puede-crear-el-dise\u00f1o-de-forma-gratuita?\" aria-expanded=\"false\" aria-controls=\"accordion-3857735681-content\" >\n\t\t\t<button class=\"toggle\" aria-label=\"Toggle\"><i class=\"icon-angle-down\"><\/i><\/button>\n\t\t\t<span>No tenemos dise\u00f1ador, \u00bfsu equipo puede crear el dise\u00f1o de forma gratuita?<\/span>\n\t\t<\/a>\n\t\t<div id=\"accordion-3857735681-content\" class=\"accordion-inner\" aria-labelledby=\"accordion-3857735681-label\" >\n\t\t\t\n<p>S\u00ed, as\u00ed es. Nuestro departamento de dise\u00f1o ofrece este servicio gratis a todos nuestros clientes. Tendr\u00e1 la oportunidad de revisar y aprobar el dise\u00f1o de su etiqueta antes de que pasemos a producci\u00f3n.<\/p>\n\t\t<\/div>\n\t<\/div>\n\t\n\t<div id=\"accordion-1215928521\" class=\"accordion-item\">\n\t\t<a id=\"accordion-1215928521-label\" class=\"accordion-title plain\" href=\"#accordion-item-\u00bfcu\u00e1ntos-colores-por-etiqueta?\" aria-expanded=\"false\" aria-controls=\"accordion-1215928521-content\" >\n\t\t\t<button class=\"toggle\" aria-label=\"Toggle\"><i class=\"icon-angle-down\"><\/i><\/button>\n\t\t\t<span>\u00bfCu\u00e1ntos colores por etiqueta?<\/span>\n\t\t<\/a>\n\t\t<div id=\"accordion-1215928521-content\" class=\"accordion-inner\" aria-labelledby=\"accordion-1215928521-label\" >\n\t\t\t\n<p>Para etiquetas tejidas, podemos incluir hasta 8 colores. Las etiquetas impresas pueden tener hasta 4 colores en el frente y 1 color en el reverso. Los transfers t\u00e9rmicos admiten hasta 4 colores, aunque algunas especialidades solo permiten 1 color.<\/p>\n\t\t<\/div>\n\t<\/div>\n\t\n\t<div id=\"accordion-1990441686\" class=\"accordion-item\">\n\t\t<a id=\"accordion-1990441686-label\" class=\"accordion-title plain\" href=\"#accordion-item-\u00bfes-necesario-dar-el-contenido-de-fibra-del-tejido-para-cualquier-t\u00e9cnica-de-transfer-o-para-desarrollar-muestras?\" aria-expanded=\"false\" aria-controls=\"accordion-1990441686-content\" >\n\t\t\t<button class=\"toggle\" aria-label=\"Toggle\"><i class=\"icon-angle-down\"><\/i><\/button>\n\t\t\t<span>\u00bfEs necesario dar el contenido de fibra del tejido para cualquier t\u00e9cnica de transfer o para desarrollar muestras?<\/span>\n\t\t<\/a>\n\t\t<div id=\"accordion-1990441686-content\" class=\"accordion-inner\" aria-labelledby=\"accordion-1990441686-label\" >\n\t\t\t\n<p>S\u00ed, es esencial. Nuestras cotizaciones, f\u00f3rmula de tinta y pruebas se basan en el contenido de fibra de los tejidos proporcionados.<\/p>\n\t\t<\/div>\n\t<\/div>\n\t\n\t<div id=\"accordion-267796722\" class=\"accordion-item\">\n\t\t<a id=\"accordion-267796722-label\" class=\"accordion-title plain\" href=\"#accordion-item-\u00bflas-muestras-tienen-alg\u00fan-costo?\" aria-expanded=\"false\" aria-controls=\"accordion-267796722-content\" >\n\t\t\t<button class=\"toggle\" aria-label=\"Toggle\"><i class=\"icon-angle-down\"><\/i><\/button>\n\t\t\t<span>\u00bfLas muestras tienen alg\u00fan costo?<\/span>\n\t\t<\/a>\n\t\t<div id=\"accordion-267796722-content\" class=\"accordion-inner\" aria-labelledby=\"accordion-267796722-label\" >\n\t\t\t\n<p>Ofrecemos muestras sin cargo para nuestros productos est\u00e1ndar. Para ciertos art\u00edculos especiales, se puede requerir una peque\u00f1a tarifa, la cual se acreditar\u00e1 a su pago si realiza un pedido del producto desarrollado dentro de los 3 meses de haber recibido la muestra.<\/p>\n\t\t<\/div>\n\t<\/div>\n\t\n\t<div id=\"accordion-4268833514\" class=\"accordion-item\">\n\t\t<a id=\"accordion-4268833514-label\" class=\"accordion-title plain\" href=\"#accordion-item-\u00bfhay-un-cargo-de-configuraci\u00f3n-para-embalajes,-goma-y-productos-especiales?\" aria-expanded=\"false\" aria-controls=\"accordion-4268833514-content\" >\n\t\t\t<button class=\"toggle\" aria-label=\"Toggle\"><i class=\"icon-angle-down\"><\/i><\/button>\n\t\t\t<span>\u00bfHay un cargo de configuraci\u00f3n para Embalajes, Goma y productos especiales?<\/span>\n\t\t<\/a>\n\t\t<div id=\"accordion-4268833514-content\" class=\"accordion-inner\" aria-labelledby=\"accordion-4268833514-label\" >\n\t\t\t\n<p>S\u00ed, lo hay. El costo var\u00eda seg\u00fan factores como material, dise\u00f1o, elaboraci\u00f3n y dimensiones. Sin embargo, este cargo no se aplicar\u00e1 si recibimos un pedido del producto desarrollado en un plazo de 3 meses.<\/p>\n\t\t<\/div>\n\t<\/div>\n\t\n\t<div id=\"accordion-3880026972\" class=\"accordion-item\">\n\t\t<a id=\"accordion-3880026972-label\" class=\"accordion-title plain\" href=\"#accordion-item-\u00bfcu\u00e1l-es-el-proceso-de-pedido?\" aria-expanded=\"false\" aria-controls=\"accordion-3880026972-content\" >\n\t\t\t<button class=\"toggle\" aria-label=\"Toggle\"><i class=\"icon-angle-down\"><\/i><\/button>\n\t\t\t<span>\u00bfCu\u00e1l es el proceso de pedido?<\/span>\n\t\t<\/a>\n\t\t<div id=\"accordion-3880026972-content\" class=\"accordion-inner\" aria-labelledby=\"accordion-3880026972-label\" >\n\t\t\t\n<p>Una vez aprobado su dise\u00f1o\/muestra, env\u00ede su orden de producci\u00f3n con el c\u00f3digo de muestra aprobado. Nuestro representante de ventas le proporcionar\u00e1 un estimado de entrega en un plazo de 1-2 d\u00edas h\u00e1biles.<\/p>\n\t\t<\/div>\n\t<\/div>\n\t\n\t<div id=\"accordion-600661369\" class=\"accordion-item\">\n\t\t<a id=\"accordion-600661369-label\" class=\"accordion-title plain\" href=\"#accordion-item-\u00bfcu\u00e1l-es-la-cantidad-m\u00ednima-de-pedido?\" aria-expanded=\"false\" aria-controls=\"accordion-600661369-content\" >\n\t\t\t<button class=\"toggle\" aria-label=\"Toggle\"><i class=\"icon-angle-down\"><\/i><\/button>\n\t\t\t<span>\u00bfCu\u00e1l es la cantidad m\u00ednima de pedido?<\/span>\n\t\t<\/a>\n\t\t<div id=\"accordion-600661369-content\" class=\"accordion-inner\" aria-labelledby=\"accordion-600661369-label\" >\n\t\t\t\n<p>Para Etiquetas Tejidas, Impresas, Colgantes, Transfers T\u00e9rmicos, Etiquetas de Goma y Embalajes, la cantidad m\u00ednima de pedido es de 1,000 unidades. Para otras especialidades, consulte a su representante de ventas. Si su pedido total no alcanza el monto m\u00ednimo de 100 USD, las cantidades m\u00ednimas no aplicar\u00e1n.<\/p>\n\t\t<\/div>\n\t<\/div>\n\t\n\t<div id=\"accordion-3039887702\" class=\"accordion-item\">\n\t\t<a id=\"accordion-3039887702-label\" class=\"accordion-title plain\" href=\"#accordion-item-\u00bfqu\u00e9-validez-tienen-los-precios?\" aria-expanded=\"false\" aria-controls=\"accordion-3039887702-content\" >\n\t\t\t<button class=\"toggle\" aria-label=\"Toggle\"><i class=\"icon-angle-down\"><\/i><\/button>\n\t\t\t<span>\u00bfQu\u00e9 validez tienen los precios?<\/span>\n\t\t<\/a>\n\t\t<div id=\"accordion-3039887702-content\" class=\"accordion-inner\" aria-labelledby=\"accordion-3039887702-label\" >\n\t\t\t\n<p>Los precios de una cotizaci\u00f3n se garantizan por un mes. Una vez que el cliente aprueba el precio, este se mantiene por un a\u00f1o. Al final del a\u00f1o, los precios se revisan para determinar si pueden mantenerse por un per\u00edodo igual o mayor.<\/p>\n\t\t<\/div>\n\t<\/div>\n\t\n\t<div id=\"accordion-1719672179\" class=\"accordion-item\">\n\t\t<a id=\"accordion-1719672179-label\" class=\"accordion-title plain\" href=\"#accordion-item-\u00bfrealizan-pruebas-de-producto?\" aria-expanded=\"false\" aria-controls=\"accordion-1719672179-content\" >\n\t\t\t<button class=\"toggle\" aria-label=\"Toggle\"><i class=\"icon-angle-down\"><\/i><\/button>\n\t\t\t<span>\u00bfRealizan pruebas de producto?<\/span>\n\t\t<\/a>\n\t\t<div id=\"accordion-1719672179-content\" class=\"accordion-inner\" aria-labelledby=\"accordion-1719672179-label\" >\n\t\t\t\n<p>S\u00ed, realizamos pruebas internas. Nuestras pruebas est\u00e1ndar incluyen lavado casero y lavado industrial.<\/p>\n\t\t<\/div>\n\t<\/div>\n\t\n\t<div id=\"accordion-488915357\" class=\"accordion-item\">\n\t\t<a id=\"accordion-488915357-label\" class=\"accordion-title plain\" href=\"#accordion-item-\u00bfest\u00e1n-todos-los-productos-grand-label-certificados-contra-sustancias-nocivas?\" aria-expanded=\"false\" aria-controls=\"accordion-488915357-content\" >\n\t\t\t<button class=\"toggle\" aria-label=\"Toggle\"><i class=\"icon-angle-down\"><\/i><\/button>\n\t\t\t<span>\u00bfEst\u00e1n todos los productos Grand Label certificados contra sustancias nocivas?<\/span>\n\t\t<\/a>\n\t\t<div id=\"accordion-488915357-content\" class=\"accordion-inner\" aria-labelledby=\"accordion-488915357-label\" >\n\t\t\t\n<p>S\u00ed, nuestros productos est\u00e1ndar tienen la certificaci\u00f3n STANDARD 100 de OEKO-TEX\u00ae.<\/p>\n\t\t<\/div>\n\t<\/div>\n\t\n<\/div>\n\t\t<\/div>\n\t\t\t\t\n<style>\n#col-1512802317 > .col-inner {\n  padding: 0px 0px 0px 0px;\n}\n<\/style>\n\t<\/div>\n\n\t\n<\/div>\n\t<div id=\"gap-809907819\" class=\"gap-element clearfix\" style=\"display:block; height:auto;\">\n\t\t\n<style>\n#gap-809907819 {\n  padding-top: 15px;\n}\n@media (min-width:850px) {\n  #gap-809907819 {\n    padding-top: 30px;\n  }\n}\n<\/style>\n\t<\/div>\n\t\n","protected":false},"excerpt":{"rendered":"","protected":false},"author":1,"featured_media":0,"parent":0,"menu_order":22,"comment_status":"closed","ping_status":"closed","template":"page-transparent-header-light.php","meta":{"footnotes":""},"class_list":["post-1684","page","type-page","status-publish","hentry"],"yoast_head":"<!-- This site is optimized with the Yoast SEO plugin v27.4 - https:\/\/yoast.com\/product\/yoast-seo-wordpress\/ -->\n<title>FAQ - Fabricaci\u00f3n de etiquetas personalizadas.<\/title>\n<meta name=\"robots\" content=\"noindex, follow, max-snippet:-1, max-image-preview:large, max-video-preview:-1\" \/>\n<meta property=\"og:locale\" content=\"es_ES\" \/>\n<meta property=\"og:type\" content=\"article\" \/>\n<meta property=\"og:title\" content=\"FAQ - Fabricaci\u00f3n de etiquetas personalizadas.\" \/>\n<meta property=\"og:url\" content=\"https:\/\/grandlabel.com\/es\/faq\/\" \/>\n<meta property=\"og:site_name\" content=\"Fabricaci\u00f3n de etiquetas personalizadas.\" \/>\n<meta property=\"article:modified_time\" content=\"2025-08-08T06:43:17+00:00\" \/>\n<meta name=\"twitter:card\" content=\"summary_large_image\" \/>\n<meta name=\"twitter:label1\" content=\"Tiempo de lectura\" \/>\n\t<meta name=\"twitter:data1\" content=\"1 minuto\" \/>\n<script type=\"application\/ld+json\" class=\"yoast-schema-graph\">{\"@context\":\"https:\\\/\\\/schema.org\",\"@graph\":[{\"@type\":\"WebPage\",\"@id\":\"https:\\\/\\\/grandlabel.com\\\/es\\\/faq\\\/\",\"url\":\"https:\\\/\\\/grandlabel.com\\\/es\\\/faq\\\/\",\"name\":\"FAQ - Fabricaci\u00f3n de etiquetas personalizadas.\",\"isPartOf\":{\"@id\":\"https:\\\/\\\/grandlabel.com\\\/es\\\/#website\"},\"datePublished\":\"2024-04-08T13:06:32+00:00\",\"dateModified\":\"2025-08-08T06:43:17+00:00\",\"breadcrumb\":{\"@id\":\"https:\\\/\\\/grandlabel.com\\\/es\\\/faq\\\/#breadcrumb\"},\"inLanguage\":\"es\",\"potentialAction\":[{\"@type\":\"ReadAction\",\"target\":[\"https:\\\/\\\/grandlabel.com\\\/es\\\/faq\\\/\"]}]},{\"@type\":\"BreadcrumbList\",\"@id\":\"https:\\\/\\\/grandlabel.com\\\/es\\\/faq\\\/#breadcrumb\",\"itemListElement\":[{\"@type\":\"ListItem\",\"position\":1,\"name\":\"Home\",\"item\":\"https:\\\/\\\/grandlabel.com\\\/es\\\/\"},{\"@type\":\"ListItem\",\"position\":2,\"name\":\"FAQ\"}]},{\"@type\":\"WebSite\",\"@id\":\"https:\\\/\\\/grandlabel.com\\\/es\\\/#website\",\"url\":\"https:\\\/\\\/grandlabel.com\\\/es\\\/\",\"name\":\"Fabricaci\u00f3n de etiquetas personalizadas.\",\"description\":\"Impresi\u00f3n de alta calidad.\",\"potentialAction\":[{\"@type\":\"SearchAction\",\"target\":{\"@type\":\"EntryPoint\",\"urlTemplate\":\"https:\\\/\\\/grandlabel.com\\\/es\\\/?s={search_term_string}\"},\"query-input\":{\"@type\":\"PropertyValueSpecification\",\"valueRequired\":true,\"valueName\":\"search_term_string\"}}],\"inLanguage\":\"es\"}]}<\/script>\n<!-- \/ Yoast SEO plugin. -->","yoast_head_json":{"title":"FAQ - Fabricaci\u00f3n de etiquetas personalizadas.","robots":{"index":"noindex","follow":"follow","max-snippet":"max-snippet:-1","max-image-preview":"max-image-preview:large","max-video-preview":"max-video-preview:-1"},"og_locale":"es_ES","og_type":"article","og_title":"FAQ - Fabricaci\u00f3n de etiquetas personalizadas.","og_url":"https:\/\/grandlabel.com\/es\/faq\/","og_site_name":"Fabricaci\u00f3n de etiquetas personalizadas.","article_modified_time":"2025-08-08T06:43:17+00:00","twitter_card":"summary_large_image","twitter_misc":{"Tiempo de lectura":"1 minuto"},"schema":{"@context":"https:\/\/schema.org","@graph":[{"@type":"WebPage","@id":"https:\/\/grandlabel.com\/es\/faq\/","url":"https:\/\/grandlabel.com\/es\/faq\/","name":"FAQ - Fabricaci\u00f3n de etiquetas personalizadas.","isPartOf":{"@id":"https:\/\/grandlabel.com\/es\/#website"},"datePublished":"2024-04-08T13:06:32+00:00","dateModified":"2025-08-08T06:43:17+00:00","breadcrumb":{"@id":"https:\/\/grandlabel.com\/es\/faq\/#breadcrumb"},"inLanguage":"es","potentialAction":[{"@type":"ReadAction","target":["https:\/\/grandlabel.com\/es\/faq\/"]}]},{"@type":"BreadcrumbList","@id":"https:\/\/grandlabel.com\/es\/faq\/#breadcrumb","itemListElement":[{"@type":"ListItem","position":1,"name":"Home","item":"https:\/\/grandlabel.com\/es\/"},{"@type":"ListItem","position":2,"name":"FAQ"}]},{"@type":"WebSite","@id":"https:\/\/grandlabel.com\/es\/#website","url":"https:\/\/grandlabel.com\/es\/","name":"Fabricaci\u00f3n de etiquetas personalizadas.","description":"Impresi\u00f3n de alta calidad.","potentialAction":[{"@type":"SearchAction","target":{"@type":"EntryPoint","urlTemplate":"https:\/\/grandlabel.com\/es\/?s={search_term_string}"},"query-input":{"@type":"PropertyValueSpecification","valueRequired":true,"valueName":"search_term_string"}}],"inLanguage":"es"}]}},"_links":{"self":[{"href":"https:\/\/grandlabel.com\/es\/wp-json\/wp\/v2\/pages\/1684","targetHints":{"allow":["GET"]}}],"collection":[{"href":"https:\/\/grandlabel.com\/es\/wp-json\/wp\/v2\/pages"}],"about":[{"href":"https:\/\/grandlabel.com\/es\/wp-json\/wp\/v2\/types\/page"}],"author":[{"embeddable":true,"href":"https:\/\/grandlabel.com\/es\/wp-json\/wp\/v2\/users\/1"}],"replies":[{"embeddable":true,"href":"https:\/\/grandlabel.com\/es\/wp-json\/wp\/v2\/comments?post=1684"}],"version-history":[{"count":26,"href":"https:\/\/grandlabel.com\/es\/wp-json\/wp\/v2\/pages\/1684\/revisions"}],"predecessor-version":[{"id":3032,"href":"https:\/\/grandlabel.com\/es\/wp-json\/wp\/v2\/pages\/1684\/revisions\/3032"}],"wp:attachment":[{"href":"https:\/\/grandlabel.com\/es\/wp-json\/wp\/v2\/media?parent=1684"}],"curies":[{"name":"wp","href":"https:\/\/api.w.org\/{rel}","templated":true}]}}